{"id":13,"date":"2024-07-23T16:12:16","date_gmt":"2024-07-23T16:12:16","guid":{"rendered":"https:\/\/negociacionefectiva.cl\/?page_id=13"},"modified":"2025-08-22T16:56:16","modified_gmt":"2025-08-22T16:56:16","slug":"inicio","status":"publish","type":"page","link":"https:\/\/negociacionefectiva.cl\/","title":{"rendered":"Inicio"},"content":{"rendered":"<p>[et_pb_section fb_built=\u00bb1&#8243; custom_padding_last_edited=\u00bboff|desktop\u00bb admin_label=\u00bbHeader\u00bb _builder_version=\u00bb4.26.1&#8243; use_background_color_gradient=\u00bbon\u00bb background_color_gradient_direction=\u00bb90deg\u00bb background_color_gradient_stops=\u00bbrgba(27,18,61,0.8) 40%|rgba(27,18,61,0.32) 40%\u00bb background_color_gradient_overlays_image=\u00bbon\u00bb background_color_gradient_start=\u00bbrgba(27,18,61,0.8)\u00bb background_color_gradient_start_position=\u00bb40%\u00bb background_color_gradient_end=\u00bbrgba(27,18,61,0.32)\u00bb background_color_gradient_end_position=\u00bb40%\u00bb background_image=\u00bbhttps:\/\/negociacionefectiva.cl\/wp-content\/uploads\/2024\/07\/manos-min.jpg\u00bb custom_padding=\u00bb5vw||5vw||true|false\u00bb custom_padding_tablet=\u00bb||||false|false\u00bb custom_padding_phone=\u00bb||||false|false\u00bb locked=\u00bboff\u00bb global_colors_info=\u00bb{}\u00bb][et_pb_row column_structure=\u00bb2_3,1_3&#8243; use_custom_gutter=\u00bbon\u00bb gutter_width=\u00bb2&#8243; make_equal=\u00bbon\u00bb _builder_version=\u00bb4.26.1&#8243; max_width=\u00bb1200px\u00bb custom_padding=\u00bb||0px||false|false\u00bb border_color_all=\u00bb#007FA3&#8243; global_colors_info=\u00bb{}\u00bb][et_pb_column type=\u00bb2_3&#8243; _builder_version=\u00bb4.26.1&#8243; custom_padding=\u00bb4%|4%|4%|4%|true|true\u00bb custom_padding_tablet=\u00bb|||30px|false|false\u00bb custom_padding_phone=\u00bb|||30px|false|false\u00bb custom_padding_last_edited=\u00bboff|phone\u00bb custom_css_main_element=\u00bbmargin-bottom: 0;\u00bb border_width_all=\u00bb8px\u00bb border_color_all=\u00bb#007FA3&#8243; global_colors_info=\u00bb{}\u00bb][et_pb_text _builder_version=\u00bb4.26.1&#8243; header_font=\u00bbHeebo|900||on|||||\u00bb header_font_size=\u00bb44px\u00bb header_letter_spacing=\u00bb3px\u00bb header_line_height=\u00bb1.2em\u00bb header_2_font=\u00bbHeebo|700||on|||||\u00bb header_2_font_size=\u00bb24px\u00bb header_2_letter_spacing=\u00bb6px\u00bb header_2_line_height=\u00bb1.5em\u00bb background_layout=\u00bbdark\u00bb header_font_size_tablet=\u00bb50px\u00bb header_font_size_phone=\u00bb26px\u00bb header_font_size_last_edited=\u00bbon|phone\u00bb header_2_font_size_tablet=\u00bb18px\u00bb header_2_font_size_phone=\u00bb14px\u00bb header_2_font_size_last_edited=\u00bbon|phone\u00bb locked=\u00bboff\u00bb global_colors_info=\u00bb{}\u00bb]<\/p>\n<h2>Negociaci\u00f3n Efectiva<\/h2>\n<h1>Servicios de Negociaci\u00f3n en el \u00e1mbito comercial y financiero<\/h1>\n<p>[\/et_pb_text][\/et_pb_column][et_pb_column type=\u00bb1_3&#8243; _builder_version=\u00bb4.16&#8243; custom_padding_tablet=\u00bb|||30px|false|false\u00bb custom_padding_last_edited=\u00bboff|desktop\u00bb global_colors_info=\u00bb{}\u00bb][\/et_pb_column][\/et_pb_row][et_pb_row column_structure=\u00bb2_3,1_3&#8243; use_custom_gutter=\u00bbon\u00bb gutter_width=\u00bb2&#8243; custom_padding_last_edited=\u00bboff|tablet\u00bb _builder_version=\u00bb4.26.1&#8243; max_width=\u00bb1200px\u00bb custom_margin=\u00bb-8px||||false|false\u00bb custom_padding=\u00bb0px||||false|false\u00bb custom_padding_tablet=\u00bb0px||||false|false\u00bb border_width_top=\u00bb8px\u00bb border_color_top=\u00bb#788594&#8243; global_colors_info=\u00bb{}\u00bb][et_pb_column type=\u00bb2_3&#8243; _builder_version=\u00bb4.26.1&#8243; custom_padding=\u00bb10vw||||false|false\u00bb custom_padding_phone=\u00bb||||false|false\u00bb custom_padding_last_edited=\u00bboff|desktop\u00bb border_color_all=\u00bb#007FA3&#8243; border_width_right=\u00bb8px\u00bb global_colors_info=\u00bb{}\u00bb][et_pb_button button_url=\u00bbhttps:\/\/negociacionefectiva.cl\/index.php\/contacto\/\u00bb button_text=\u00bbContacto\u00bb button_alignment=\u00bbright\u00bb _builder_version=\u00bb4.26.1&#8243; custom_button=\u00bbon\u00bb button_text_size=\u00bb14px\u00bb button_text_color=\u00bb#000000&#8243; button_bg_color=\u00bb#007FA3&#8243; button_border_width=\u00bb0px\u00bb button_border_radius=\u00bb0px\u00bb button_letter_spacing=\u00bb5px\u00bb button_font=\u00bb|700||on|||||\u00bb background_layout=\u00bbdark\u00bb custom_padding=\u00bb20px|30px|20px|30px|true|true\u00bb locked=\u00bboff\u00bb global_colors_info=\u00bb{}\u00bb][\/et_pb_button][\/et_pb_column][et_pb_column type=\u00bb1_3&#8243; _builder_version=\u00bb4.16&#8243; vertical_offset=\u00bb-8px\u00bb custom_padding=\u00bb30px|20px|20px|20px|false|true\u00bb custom_padding_tablet=\u00bb||||false|false\u00bb custom_padding_last_edited=\u00bboff|tablet\u00bb border_width_all=\u00bb8px\u00bb border_color_all=\u00bb#788594&#8243; global_colors_info=\u00bb{}\u00bb][et_pb_text _builder_version=\u00bb4.26.1&#8243; header_3_font=\u00bbHeebo|700||on|||||\u00bb header_3_font_size=\u00bb16px\u00bb header_3_letter_spacing=\u00bb0.4em\u00bb header_3_line_height=\u00bb1.8em\u00bb background_layout=\u00bbdark\u00bb header_3_font_size_tablet=\u00bb\u00bb header_3_font_size_phone=\u00bb14px\u00bb header_3_font_size_last_edited=\u00bbon|tablet\u00bb locked=\u00bboff\u00bb global_colors_info=\u00bb{}\u00bb]<\/p>\n<h3>Servicio integral, independiente y externo.<\/h3>\n<p>[\/et_pb_text][\/et_pb_column][\/et_pb_row][\/et_pb_section][et_pb_section fb_built=\u00bb1&#8243; make_equal=\u00bbon\u00bb use_custom_gutter=\u00bbon\u00bb gutter_width=\u00bb4&#8243; specialty=\u00bbon\u00bb admin_label=\u00bbWhy Us\u00bb _builder_version=\u00bb4.26.1&#8243; inner_max_width=\u00bb1200px\u00bb locked=\u00bboff\u00bb global_colors_info=\u00bb{}\u00bb][et_pb_column type=\u00bb1_2&#8243; specialty_columns=\u00bb2&#8243; _builder_version=\u00bb4.16&#8243; custom_padding=\u00bb|||\u00bb global_colors_info=\u00bb{}\u00bb custom_padding__hover=\u00bb|||\u00bb][et_pb_row_inner use_custom_gutter=\u00bbon\u00bb gutter_width=\u00bb2&#8243; custom_padding_last_edited=\u00bbon|phone\u00bb _builder_version=\u00bb4.26.1&#8243; overflow-x=\u00bbvisible\u00bb overflow-y=\u00bbvisible\u00bb custom_margin=\u00bb||||false|false\u00bb custom_padding=\u00bb16%||16%|8%|true|false\u00bb custom_padding_tablet=\u00bb8%|4%|50px|4%|false|true\u00bb custom_padding_phone=\u00bb||30px||false|false\u00bb custom_css_main_element=\u00bboverflow: visible !important;\u00bb border_width_all=\u00bb8px\u00bb border_color_all=\u00bb#e7e8e8&#8243; global_colors_info=\u00bb{}\u00bb][et_pb_column_inner saved_specialty_column_type=\u00bb1_2&#8243; _builder_version=\u00bb4.16&#8243; global_colors_info=\u00bb{}\u00bb][et_pb_image src=\u00bbhttps:\/\/negociacionefectiva.cl\/wp-content\/uploads\/2024\/07\/people-shaking-hands-business-agreement-background_53876-104763.jpg\u00bb title_text=\u00bbpeople-shaking-hands-business-agreement-background_53876-104763&#8243; _builder_version=\u00bb4.26.1&#8243; custom_margin=\u00bb|-38px|||false|false\u00bb locked=\u00bboff\u00bb global_colors_info=\u00bb{}\u00bb][\/et_pb_image][\/et_pb_column_inner][\/et_pb_row_inner][\/et_pb_column][et_pb_column type=\u00bb1_2&#8243; _builder_version=\u00bb4.16&#8243; custom_padding=\u00bb|||\u00bb global_colors_info=\u00bb{}\u00bb custom_padding__hover=\u00bb|||\u00bb][et_pb_text _builder_version=\u00bb4.26.1&#8243; text_font_size=\u00bb16px\u00bb text_line_height=\u00bb2em\u00bb header_2_font=\u00bbHeebo|900||on|||||\u00bb header_2_font_size=\u00bb30px\u00bb header_2_letter_spacing=\u00bb1px\u00bb header_2_line_height=\u00bb1.3em\u00bb positioning=\u00bbabsolute\u00bb position_origin_a=\u00bbcenter_left\u00bb position_origin_a_tablet=\u00bb\u00bb position_origin_a_phone=\u00bb\u00bb position_origin_a_last_edited=\u00bbon|tablet\u00bb position_origin_f_tablet=\u00bb\u00bb position_origin_f_phone=\u00bb\u00bb position_origin_f_last_edited=\u00bbon|tablet\u00bb position_origin_r_tablet=\u00bb\u00bb position_origin_r_phone=\u00bb\u00bb position_origin_r_last_edited=\u00bbon|tablet\u00bb custom_padding=\u00bb||||false|false\u00bb custom_padding_tablet=\u00bb|||0px|false|false\u00bb custom_padding_last_edited=\u00bboff|desktop\u00bb text_font_size_tablet=\u00bb14px\u00bb text_font_size_phone=\u00bb\u00bb text_font_size_last_edited=\u00bbon|phone\u00bb header_2_font_size_tablet=\u00bb24px\u00bb header_2_font_size_phone=\u00bb20px\u00bb header_2_font_size_last_edited=\u00bbon|phone\u00bb positioning_tablet=\u00bbrelative\u00bb positioning_phone=\u00bb\u00bb positioning_last_edited=\u00bbon|tablet\u00bb locked=\u00bboff\u00bb global_colors_info=\u00bb{}\u00bb]<\/p>\n<h2>Que hacemos?<\/h2>\n<p>Negociaci\u00f3n Efectiva se dedica a prestar Servicios de Negociaci\u00f3n en el \u00e1mbito comercial y financiero. Nace como un servicio integral, independiente y externo orientado a encontrar el mejor punto de encuentro entre las partes para optimizar los objetivos comerciales y financieros de nuestros Clientes.<\/p>\n<p>&nbsp;<\/p>\n<h4><a href=\"#\"><span style=\"color: #003366;\"><strong>Leer m\u00e1s<\/strong><\/span><\/a><\/h4>\n<p>[\/et_pb_text][\/et_pb_column][\/et_pb_section][et_pb_section fb_built=\u00bb1&#8243; _builder_version=\u00bb4.26.1&#8243; _module_preset=\u00bbdefault\u00bb global_colors_info=\u00bb{}\u00bb][et_pb_row _builder_version=\u00bb4.26.1&#8243; _module_preset=\u00bbdefault\u00bb width=\u00bb100%\u00bb max_width=\u00bb1906px\u00bb global_colors_info=\u00bb{}\u00bb][et_pb_column type=\u00bb4_4&#8243; _builder_version=\u00bb4.26.1&#8243; _module_preset=\u00bbdefault\u00bb global_colors_info=\u00bb{}\u00bb][et_pb_video src=\u00bbhttps:\/\/negociacionefectiva.cl\/wp-content\/uploads\/2024\/08\/Promo-Negociacion-Ancho.mp4&#8243; play_icon_color=\u00bb#004F8B\u00bb _builder_version=\u00bb4.26.1&#8243; _module_preset=\u00bbdefault\u00bb global_colors_info=\u00bb{}\u00bb][\/et_pb_video][\/et_pb_column][\/et_pb_row][\/et_pb_section][et_pb_section fb_built=\u00bb1&#8243; _builder_version=\u00bb4.26.1&#8243; _module_preset=\u00bbdefault\u00bb custom_padding=\u00bb||3px|||\u00bb global_colors_info=\u00bb{}\u00bb][et_pb_row _builder_version=\u00bb4.26.1&#8243; _module_preset=\u00bbdefault\u00bb custom_padding=\u00bb||3px|||\u00bb global_colors_info=\u00bb{}\u00bb][et_pb_column type=\u00bb4_4&#8243; _builder_version=\u00bb4.26.1&#8243; _module_preset=\u00bbdefault\u00bb global_colors_info=\u00bb{}\u00bb][et_pb_text _builder_version=\u00bb4.26.1&#8243; _module_preset=\u00bbdefault\u00bb header_2_font=\u00bbHeebo|900||on|||||\u00bb header_2_text_align=\u00bbcenter\u00bb header_2_font_size=\u00bb30px\u00bb global_colors_info=\u00bb{}\u00bb]<\/p>\n<h2><strong>Que Ofrecemos?<\/strong><\/h2>\n<h4 style=\"text-align: center;\"><b><span>Contamos con un conjunto de servicios respaldados por m\u00e1s de 30 a\u00f1os de experiencia en empresas de distintos rubros, con \u00e9nfasis en la industria inmobiliaria y construcci\u00f3n, por m\u00e1s de 12 a\u00f1os<\/span><\/b><\/h4>\n<p>[\/et_pb_text][\/et_pb_column][\/et_pb_row][\/et_pb_section][et_pb_section fb_built=\u00bb1&#8243; admin_label=\u00bbServices\u00bb _builder_version=\u00bb4.16&#8243; custom_padding=\u00bb23px|||||\u00bb global_module=\u00bb121&#8243; saved_tabs=\u00bball\u00bb locked=\u00bboff\u00bb global_colors_info=\u00bb{}\u00bb][et_pb_row column_structure=\u00bb1_3,1_3,1_3&#8243; _builder_version=\u00bb4.16&#8243; locked=\u00bboff\u00bb global_colors_info=\u00bb{}\u00bb][et_pb_column type=\u00bb1_3&#8243; _builder_version=\u00bb4.16&#8243; global_colors_info=\u00bb{}\u00bb][et_pb_blurb title=\u00bbNegociaci\u00f3n con Clientes\u00bb image=\u00bbhttps:\/\/negociacionefectiva.cl\/wp-content\/uploads\/2024\/07\/handshake.png\u00bb content_max_width=\u00bb100%\u00bb _builder_version=\u00bb4.26.1&#8243; header_level=\u00bbh3&#8243; header_font=\u00bbHeebo|900|||||||\u00bb header_font_size=\u00bb24px\u00bb header_line_height=\u00bb1.3em\u00bb body_font_size=\u00bb16px\u00bb body_line_height=\u00bb2em\u00bb text_orientation=\u00bbcenter\u00bb header_font_size_tablet=\u00bb\u00bb header_font_size_phone=\u00bb20px\u00bb header_font_size_last_edited=\u00bbon|desktop\u00bb body_font_size_tablet=\u00bb14px\u00bb body_font_size_phone=\u00bb\u00bb body_font_size_last_edited=\u00bbon|phone\u00bb global_colors_info=\u00bb{}\u00bb]<\/p>\n<p>Este servicio est\u00e1 dirigido a Empresas que quieran negociar con Clientes a fin de llegar a acuerdos comerciales de venta o recuperaci\u00f3n de Cuentas por Cobrar.<\/p>\n<p>[\/et_pb_blurb][\/et_pb_column][et_pb_column type=\u00bb1_3&#8243; _builder_version=\u00bb4.16&#8243; global_colors_info=\u00bb{}\u00bb][et_pb_blurb title=\u00bbNegociaci\u00f3n con Proveedores\u00bb image=\u00bbhttps:\/\/negociacionefectiva.cl\/wp-content\/uploads\/2024\/07\/provision.png\u00bb content_max_width=\u00bb100%\u00bb _builder_version=\u00bb4.26.1&#8243; header_level=\u00bbh3&#8243; header_font=\u00bbHeebo|900|||||||\u00bb header_font_size=\u00bb24px\u00bb header_line_height=\u00bb1.3em\u00bb body_font_size=\u00bb16px\u00bb body_line_height=\u00bb2em\u00bb text_orientation=\u00bbcenter\u00bb header_font_size_tablet=\u00bb\u00bb header_font_size_phone=\u00bb20px\u00bb header_font_size_last_edited=\u00bbon|desktop\u00bb body_font_size_tablet=\u00bb14px\u00bb body_font_size_phone=\u00bb\u00bb body_font_size_last_edited=\u00bbon|phone\u00bb locked=\u00bboff\u00bb global_colors_info=\u00bb{}\u00bb]<\/p>\n<p>Este servicio est\u00e1 orientado a obtener las mejores condiciones comerciales frente a deuda con Proveedores, obteniendo condiciones las mejores crediticias para nuestros Clientes.<\/p>\n<p>[\/et_pb_blurb][\/et_pb_column][et_pb_column type=\u00bb1_3&#8243; _builder_version=\u00bb4.16&#8243; global_colors_info=\u00bb{}\u00bb][et_pb_blurb title=\u00bbNegociaci\u00f3n con Bancos\u00bb image=\u00bbhttps:\/\/negociacionefectiva.cl\/wp-content\/uploads\/2024\/07\/seller.png\u00bb content_max_width=\u00bb100%\u00bb _builder_version=\u00bb4.26.1&#8243; header_level=\u00bbh3&#8243; header_font=\u00bbHeebo|900|||||||\u00bb header_font_size=\u00bb24px\u00bb header_line_height=\u00bb1.3em\u00bb body_font_size=\u00bb16px\u00bb body_line_height=\u00bb2em\u00bb text_orientation=\u00bbcenter\u00bb header_font_size_tablet=\u00bb\u00bb header_font_size_phone=\u00bb20px\u00bb header_font_size_last_edited=\u00bbon|desktop\u00bb body_font_size_tablet=\u00bb14px\u00bb body_font_size_phone=\u00bb\u00bb body_font_size_last_edited=\u00bbon|phone\u00bb global_colors_info=\u00bb{}\u00bb]<\/p>\n<p>Este servicio tiene como objetivo la obtenci\u00f3n de financiamiento para proyectos o capital de trabajo ante la banca e Instituciones Financieras en general, obteniendo las mejores condiciones comerciales para nuestros Clientes.<\/p>\n<p>[\/et_pb_blurb][\/et_pb_column][\/et_pb_row][et_pb_row column_structure=\u00bb1_3,1_3,1_3&#8243; _builder_version=\u00bb4.26.1&#8243; locked=\u00bboff\u00bb global_colors_info=\u00bb{}\u00bb][et_pb_column type=\u00bb1_3&#8243; _builder_version=\u00bb4.16&#8243; global_colors_info=\u00bb{}\u00bb][et_pb_blurb title=\u00bbNegociaci\u00f3n con Socios\u00bb image=\u00bbhttps:\/\/negociacionefectiva.cl\/wp-content\/uploads\/2024\/07\/partner.png\u00bb content_max_width=\u00bb100%\u00bb _builder_version=\u00bb4.26.1&#8243; header_level=\u00bbh3&#8243; header_font=\u00bbHeebo|900|||||||\u00bb header_font_size=\u00bb24px\u00bb header_line_height=\u00bb1.3em\u00bb body_font_size=\u00bb16px\u00bb body_line_height=\u00bb2em\u00bb text_orientation=\u00bbcenter\u00bb header_font_size_tablet=\u00bb\u00bb header_font_size_phone=\u00bb20px\u00bb header_font_size_last_edited=\u00bbon|desktop\u00bb body_font_size_tablet=\u00bb14px\u00bb body_font_size_phone=\u00bb\u00bb body_font_size_last_edited=\u00bbon|phone\u00bb locked=\u00bboff\u00bb global_colors_info=\u00bb{}\u00bb]<\/p>\n<p>Este servicio tiene como objetivo llegar a acuerdos con Socios en materias relativas a situaci\u00f3n complejas en los que no se ha logrado acuerdos.<\/p>\n<p>[\/et_pb_blurb][\/et_pb_column][et_pb_column type=\u00bb1_3&#8243; _builder_version=\u00bb4.16&#8243; global_colors_info=\u00bb{}\u00bb][et_pb_blurb title=\u00bbRenegociaci\u00f3n de pasivos\u00bb image=\u00bbhttps:\/\/negociacionefectiva.cl\/wp-content\/uploads\/2024\/09\/loan-1.png\u00bb content_max_width=\u00bb100%\u00bb _builder_version=\u00bb4.26.1&#8243; header_level=\u00bbh3&#8243; header_font=\u00bbHeebo|900|||||||\u00bb header_font_size=\u00bb24px\u00bb header_line_height=\u00bb1.3em\u00bb body_font_size=\u00bb16px\u00bb body_line_height=\u00bb2em\u00bb text_orientation=\u00bbcenter\u00bb header_font_size_tablet=\u00bb\u00bb header_font_size_phone=\u00bb20px\u00bb header_font_size_last_edited=\u00bbon|desktop\u00bb body_font_size_tablet=\u00bb14px\u00bb body_font_size_phone=\u00bb\u00bb body_font_size_last_edited=\u00bbon|phone\u00bb locked=\u00bboff\u00bb global_colors_info=\u00bb{}\u00bb]<\/p>\n<p>Ordenamos y renegociamos sus pasivos a fin de obtener las mejores condiciones para optimizar la carga de deudas de su empresa.<\/p>\n<p>[\/et_pb_blurb][\/et_pb_column][et_pb_column type=\u00bb1_3&#8243; _builder_version=\u00bb4.16&#8243; global_colors_info=\u00bb{}\u00bb][\/et_pb_column][\/et_pb_row][et_pb_row _builder_version=\u00bb4.26.1&#8243; _module_preset=\u00bbdefault\u00bb module_alignment=\u00bbcenter\u00bb global_colors_info=\u00bb{}\u00bb][et_pb_column type=\u00bb4_4&#8243; _builder_version=\u00bb4.26.1&#8243; _module_preset=\u00bbdefault\u00bb global_colors_info=\u00bb{}\u00bb][et_pb_button button_url=\u00bbhttps:\/\/negociacionefectiva.cl\/index.php\/servicios\/\u00bb button_text=\u00bbVer Servicios\u00bb button_alignment=\u00bbcenter\u00bb _builder_version=\u00bb4.26.1&#8243; _module_preset=\u00bbdefault\u00bb custom_button=\u00bbon\u00bb button_text_color=\u00bb#FFFFFF\u00bb button_bg_color=\u00bb#004F8B\u00bb global_colors_info=\u00bb{}\u00bb][\/et_pb_button][\/et_pb_column][\/et_pb_row][\/et_pb_section][et_pb_section fb_built=\u00bb1&#8243; custom_padding_last_edited=\u00bboff|desktop\u00bb admin_label=\u00bbFooter\u00bb _builder_version=\u00bb4.26.1&#8243; background_color=\u00bb#1b123d\u00bb background_color_gradient_direction=\u00bb90deg\u00bb custom_padding=\u00bb6vw||6vw||true|false\u00bb custom_padding_tablet=\u00bb60px||60px||true|false\u00bb custom_padding_phone=\u00bb40px||40px||true|false\u00bb background_last_edited=\u00bboff|phone\u00bb border_color_all=\u00bb#007FA3&#8243; border_width_right=\u00bb5vw\u00bb box_shadow_style=\u00bbpreset7&#8243; box_shadow_horizontal=\u00bb-4vw\u00bb box_shadow_vertical=\u00bb0px\u00bb box_shadow_color=\u00bb#ffffff\u00bb box_shadow_horizontal_last_edited=\u00bboff|phone\u00bb global_module=\u00bb49&#8243; saved_tabs=\u00bball\u00bb locked=\u00bboff\u00bb global_colors_info=\u00bb{}\u00bb][et_pb_row column_structure=\u00bb1_3,1_3,1_3&#8243; use_custom_gutter=\u00bbon\u00bb gutter_width=\u00bb2&#8243; _builder_version=\u00bb4.16&#8243; global_colors_info=\u00bb{}\u00bb][et_pb_column type=\u00bb1_3&#8243; _builder_version=\u00bb4.16&#8243; global_colors_info=\u00bb{}\u00bb][et_pb_text _builder_version=\u00bb4.26.1&#8243; text_text_color=\u00bbrgba(255,255,255,0.7)\u00bb text_font_size=\u00bb16px\u00bb text_line_height=\u00bb2em\u00bb header_6_font=\u00bbHeebo|700||on|||||\u00bb header_6_text_color=\u00bb#ffffff\u00bb header_6_letter_spacing=\u00bb3px\u00bb header_6_line_height=\u00bb2em\u00bb background_layout=\u00bbdark\u00bb link_option_url=\u00bbtel:+56989210271&#8243; text_font_size_tablet=\u00bb\u00bb text_font_size_phone=\u00bb14px\u00bb text_font_size_last_edited=\u00bbon|phone\u00bb locked=\u00bboff\u00bb global_colors_info=\u00bb{}\u00bb]<\/p>\n<h6>Tel\u00e9fono<\/h6>\n<p>+56 9 8921 0271<\/p>\n<p>[\/et_pb_text][\/et_pb_column][et_pb_column type=\u00bb1_3&#8243; _builder_version=\u00bb4.16&#8243; global_colors_info=\u00bb{}\u00bb][et_pb_text _builder_version=\u00bb4.26.1&#8243; text_text_color=\u00bbrgba(255,255,255,0.7)\u00bb text_line_height=\u00bb2em\u00bb link_text_color=\u00bbrgba(255,255,255,0.7)\u00bb link_font_size=\u00bb16px\u00bb link_line_height=\u00bb2em\u00bb header_6_font=\u00bbHeebo|700||on|||||\u00bb header_6_text_color=\u00bb#ffffff\u00bb header_6_letter_spacing=\u00bb3px\u00bb header_6_line_height=\u00bb2em\u00bb background_layout=\u00bbdark\u00bb link_font_size_tablet=\u00bb\u00bb link_font_size_phone=\u00bb14px\u00bb link_font_size_last_edited=\u00bbon|phone\u00bb link_text_shadow_style=\u00bbpreset5&#8243; locked=\u00bboff\u00bb global_colors_info=\u00bb{}\u00bb]<\/p>\n<h6>Email<\/h6>\n<p><a href=\"mailto:sergio.silva@negociacionefectiva.cl\">sergio.silva@negociacionefectiva.cl<\/a><\/p>\n<p>&nbsp;<\/p>\n<p>[\/et_pb_text][\/et_pb_column][et_pb_column type=\u00bb1_3&#8243; _builder_version=\u00bb4.16&#8243; global_colors_info=\u00bb{}\u00bb][et_pb_text _builder_version=\u00bb4.26.1&#8243; text_text_color=\u00bbrgba(255,255,255,0.7)\u00bb text_line_height=\u00bb2em\u00bb header_6_font=\u00bbHeebo|700||on|||||\u00bb header_6_text_color=\u00bb#ffffff\u00bb header_6_letter_spacing=\u00bb3px\u00bb header_6_line_height=\u00bb2em\u00bb background_layout=\u00bbdark\u00bb custom_margin=\u00bb||0px||false|false\u00bb locked=\u00bboff\u00bb global_colors_info=\u00bb{}\u00bb]<\/p>\n<h6>S\u00edguenos<\/h6>\n<p>[\/et_pb_text][et_pb_social_media_follow icon_color=\u00bb#ffffff\u00bb use_icon_font_size=\u00bbon\u00bb icon_font_size_tablet=\u00bb25px\u00bb icon_font_size_phone=\u00bb20px\u00bb icon_font_size_last_edited=\u00bboff|desktop\u00bb _builder_version=\u00bb4.26.1&#8243; background_enable_color=\u00bboff\u00bb hover_enabled=\u00bb0&#8243; border_radii=\u00bbon|100px|100px|100px|100px\u00bb locked=\u00bboff\u00bb global_colors_info=\u00bb{}\u00bb sticky_enabled=\u00bb0&#8243;][et_pb_social_media_follow_network social_network=\u00bbfacebook\u00bb url=\u00bbhttps:\/\/web.facebook.com\/profile.php?id=61563102518733&#8243; _builder_version=\u00bb4.26.1&#8243; background_color=\u00bbrgba(255,255,255,0.1)\u00bb background_enable_color=\u00bbon\u00bb custom_margin=\u00bb|2px||2px|false|true\u00bb custom_padding=\u00bb8px|8px|8px|8px|true|true\u00bb hover_enabled=\u00bb0&#8243; global_colors_info=\u00bb{}\u00bb follow_button=\u00bboff\u00bb url_new_window=\u00bbon\u00bb sticky_enabled=\u00bb0&#8243;]facebook[\/et_pb_social_media_follow_network][et_pb_social_media_follow_network social_network=\u00bbinstagram\u00bb url=\u00bbhttps:\/\/www.instagram.com\/negociacion_efectiva_?igsh=bTFjOGJvYnRsdGpq&#038;utm_source=qr\u00bb icon_color=\u00bb#FFFFFF\u00bb use_icon_font_size=\u00bbon\u00bb icon_font_size=\u00bb25px\u00bb _builder_version=\u00bb4.26.1&#8243; _module_preset=\u00bbdefault\u00bb background_color=\u00bb#ea2c59&#8243; hover_enabled=\u00bb0&#8243; global_colors_info=\u00bb{}\u00bb follow_button=\u00bboff\u00bb url_new_window=\u00bbon\u00bb sticky_enabled=\u00bb0&#8243;]instagram[\/et_pb_social_media_follow_network][et_pb_social_media_follow_network social_network=\u00bblinkedin\u00bb background_color=\u00bb#007bb6&#8243; _builder_version=\u00bb4.26.1&#8243; _module_preset=\u00bbdefault\u00bb follow_button=\u00bboff\u00bb url_new_window=\u00bbon\u00bb url=\u00bbhttps:\/\/www.linkedin.com\/in\/negociaci%C3%B3n-efectiva-b54098375\/?utm_source=share&#038;utm_campaign=share_via&#038;utm_content=profile&#038;utm_medium=ios_app\u00bb hover_enabled=\u00bb0&#8243; sticky_enabled=\u00bb0&#8243; use_icon_font_size=\u00bbon\u00bb icon_font_size=\u00bb25px\u00bb]linkedin[\/et_pb_social_media_follow_network][\/et_pb_social_media_follow][\/et_pb_column][\/et_pb_row][\/et_pb_section]<\/p>\n","protected":false},"excerpt":{"rendered":"<p>Negociaci\u00f3n Efectiva Servicios de Negociaci\u00f3n en el \u00e1mbito comercial y financieroServicio integral, independiente y externo.Que hacemos? Negociaci\u00f3n Efectiva se dedica a prestar Servicios de Negociaci\u00f3n en el \u00e1mbito comercial y financiero. Nace como un servicio integral, independiente y externo orientado a encontrar el mejor punto de encuentro entre las partes para optimizar los objetivos comerciales [&hellip;]<\/p>\n","protected":false},"author":1,"featured_media":0,"parent":0,"menu_order":0,"comment_status":"closed","ping_status":"closed","template":"","meta":{"_et_pb_use_builder":"on","_et_pb_old_content":"","_et_gb_content_width":"","footnotes":""},"class_list":["post-13","page","type-page","status-publish","hentry"],"_links":{"self":[{"href":"https:\/\/negociacionefectiva.cl\/index.php\/wp-json\/wp\/v2\/pages\/13","targetHints":{"allow":["GET"]}}],"collection":[{"href":"https:\/\/negociacionefectiva.cl\/index.php\/wp-json\/wp\/v2\/pages"}],"about":[{"href":"https:\/\/negociacionefectiva.cl\/index.php\/wp-json\/wp\/v2\/types\/page"}],"author":[{"embeddable":true,"href":"https:\/\/negociacionefectiva.cl\/index.php\/wp-json\/wp\/v2\/users\/1"}],"replies":[{"embeddable":true,"href":"https:\/\/negociacionefectiva.cl\/index.php\/wp-json\/wp\/v2\/comments?post=13"}],"version-history":[{"count":33,"href":"https:\/\/negociacionefectiva.cl\/index.php\/wp-json\/wp\/v2\/pages\/13\/revisions"}],"predecessor-version":[{"id":223,"href":"https:\/\/negociacionefectiva.cl\/index.php\/wp-json\/wp\/v2\/pages\/13\/revisions\/223"}],"wp:attachment":[{"href":"https:\/\/negociacionefectiva.cl\/index.php\/wp-json\/wp\/v2\/media?parent=13"}],"curies":[{"name":"wp","href":"https:\/\/api.w.org\/{rel}","templated":true}]}}