{"id":71,"date":"2024-07-24T00:20:16","date_gmt":"2024-07-24T00:20:16","guid":{"rendered":"https:\/\/negociacionefectiva.cl\/?page_id=71"},"modified":"2024-10-01T14:10:19","modified_gmt":"2024-10-01T14:10:19","slug":"nosotros","status":"publish","type":"page","link":"https:\/\/negociacionefectiva.cl\/index.php\/nosotros\/","title":{"rendered":"Nosotros"},"content":{"rendered":"<p>[et_pb_section fb_built=\u00bb1&#8243; custom_padding_last_edited=\u00bboff|desktop\u00bb admin_label=\u00bbHeader\u00bb _builder_version=\u00bb4.16&#8243; background_enable_image=\u00bboff\u00bb custom_padding_tablet=\u00bb||||false|false\u00bb custom_padding_phone=\u00bb||||false|false\u00bb locked=\u00bboff\u00bb global_colors_info=\u00bb{}\u00bb][et_pb_row column_structure=\u00bb1_2,1_2&#8243; _builder_version=\u00bb4.26.1&#8243; max_width=\u00bb1200px\u00bb custom_padding=\u00bb4%|4%|4%|4%|true|true\u00bb border_color_all=\u00bb#16252D\u00bb border_width_bottom=\u00bb8px\u00bb border_color_bottom=\u00bb#004F8B\u00bb border_width_left=\u00bb8px\u00bb border_color_left=\u00bb#007FA3&#8243; global_colors_info=\u00bb{}\u00bb][et_pb_column type=\u00bb1_2&#8243; _builder_version=\u00bb4.16&#8243; global_colors_info=\u00bb{}\u00bb][et_pb_text _builder_version=\u00bb4.26.1&#8243; header_font=\u00bbHeebo|900||on|||||\u00bb header_text_color=\u00bb#16252D\u00bb header_font_size=\u00bb60px\u00bb header_letter_spacing=\u00bb2px\u00bb header_line_height=\u00bb1.2em\u00bb header_font_size_tablet=\u00bb40px\u00bb header_font_size_phone=\u00bb24px\u00bb header_font_size_last_edited=\u00bbon|phone\u00bb locked=\u00bboff\u00bb global_colors_info=\u00bb{}\u00bb]<\/p>\n<h1>Nosotros<\/h1>\n<p>[\/et_pb_text][\/et_pb_column][et_pb_column type=\u00bb1_2&#8243; _builder_version=\u00bb4.16&#8243; global_colors_info=\u00bb{}\u00bb][et_pb_text _builder_version=\u00bb4.26.1&#8243; text_font=\u00bbHeebo|700|||||||\u00bb text_font_size=\u00bb20px\u00bb text_line_height=\u00bb2em\u00bb text_font_size_tablet=\u00bb16px\u00bb text_font_size_phone=\u00bb14px\u00bb text_font_size_last_edited=\u00bbon|phone\u00bb global_colors_info=\u00bb{}\u00bb]<\/p>\n<p><span>Aplicamos los principios b\u00e1sicos de la negociaci\u00f3n, pero en una dimensi\u00f3n amplia , donde bajo una perspectiva global donde se combinan aspectos t\u00e9cnicos y habilidades blandas para lograr los grandes objetivos .<\/span><\/p>\n<p>[\/et_pb_text][\/et_pb_column][\/et_pb_row][\/et_pb_section][et_pb_section fb_built=\u00bb1&#8243; admin_label=\u00bbVideo\u00bb _builder_version=\u00bb4.16&#8243; custom_padding=\u00bb||7px|||\u00bb global_colors_info=\u00bb{}\u00bb][et_pb_row column_structure=\u00bb1_2,1_2&#8243; make_equal=\u00bbon\u00bb _builder_version=\u00bb4.16&#8243; global_colors_info=\u00bb{}\u00bb][et_pb_column type=\u00bb1_2&#8243; _builder_version=\u00bb4.16&#8243; global_colors_info=\u00bb{}\u00bb][et_pb_text _builder_version=\u00bb4.26.1&#8243; text_font_size=\u00bb16px\u00bb text_line_height=\u00bb2em\u00bb header_2_font=\u00bbHeebo|900||on|||||\u00bb header_2_font_size=\u00bb30px\u00bb header_2_letter_spacing=\u00bb1px\u00bb header_2_line_height=\u00bb1.3em\u00bb custom_padding=\u00bb||||false|false\u00bb custom_padding_tablet=\u00bb|||0px|false|false\u00bb custom_padding_last_edited=\u00bboff|desktop\u00bb text_font_size_tablet=\u00bb14px\u00bb text_font_size_phone=\u00bb\u00bb text_font_size_last_edited=\u00bbon|phone\u00bb header_2_font_size_tablet=\u00bb24px\u00bb header_2_font_size_phone=\u00bb20px\u00bb header_2_font_size_last_edited=\u00bbon|phone\u00bb locked=\u00bboff\u00bb global_colors_info=\u00bb{}\u00bb]<\/p>\n<h2>Nuestra Misi\u00f3n<\/h2>\n<p style=\"text-align: justify;\">Proveer a nuestros clientes con un servicio\u00a0 de alta calidad que satisfagan sus necesidades y superen sus expectativas, contribuyendo as\u00ed a mejorar su calidad de vida y el su desarrollo empresarial. Adem\u00e1s, buscamos ofrecer un servicio excepcional a los empresas de diversa \u00e1reas, garantizando la excelencia en cada interacci\u00f3n y construyendo relaciones duraderas basadas en la confianza y el respeto mutuo.<\/p>\n<p>[\/et_pb_text][et_pb_text _builder_version=\u00bb4.26.1&#8243; text_font_size=\u00bb16px\u00bb text_line_height=\u00bb2em\u00bb header_2_font=\u00bbHeebo|900||on|||||\u00bb header_2_font_size=\u00bb30px\u00bb header_2_letter_spacing=\u00bb1px\u00bb header_2_line_height=\u00bb1.3em\u00bb custom_padding=\u00bb||||false|false\u00bb custom_padding_tablet=\u00bb|||0px|false|false\u00bb custom_padding_last_edited=\u00bboff|desktop\u00bb text_font_size_tablet=\u00bb14px\u00bb text_font_size_phone=\u00bb\u00bb text_font_size_last_edited=\u00bbon|phone\u00bb header_2_font_size_tablet=\u00bb24px\u00bb header_2_font_size_phone=\u00bb20px\u00bb header_2_font_size_last_edited=\u00bbon|phone\u00bb locked=\u00bboff\u00bb global_colors_info=\u00bb{}\u00bb]<\/p>\n<h2>Nuestra Visi\u00f3n<\/h2>\n<p style=\"text-align: justify;\"><span>Convertirnos en l\u00edderes del mercado, siendo reconocidos por nuestra innovaci\u00f3n constante, nuestro compromiso y nuestro impacto positivo en la sociedad.\u00a0<\/span>Aspiramos a ser la empresa referente en nuestro sector, marcando tendencias y siendo pioneros en la adopci\u00f3n de tecnolog\u00edas disruptivas que nos permitan ofrecer soluciones \u00fanicas y diferenciadas.<\/p>\n<p>[\/et_pb_text][\/et_pb_column][et_pb_column type=\u00bb1_2&#8243; _builder_version=\u00bb4.16&#8243; global_colors_info=\u00bb{}\u00bb][et_pb_image src=\u00bbhttps:\/\/negociacionefectiva.cl\/wp-content\/uploads\/2024\/07\/hr-handshaking-successful-candidate-getting-hired-new-job-closeup_1163-4688.jpg\u00bb title_text=\u00bbhr-handshaking-successful-candidate-getting-hired-new-job-closeup_1163-4688&#8243; _builder_version=\u00bb4.26.1&#8243; _module_preset=\u00bbdefault\u00bb global_colors_info=\u00bb{}\u00bb][\/et_pb_image][\/et_pb_column][\/et_pb_row][\/et_pb_section][et_pb_section fb_built=\u00bb1&#8243; admin_label=\u00bbVideo\u00bb _builder_version=\u00bb4.16&#8243; global_colors_info=\u00bb{}\u00bb][et_pb_row column_structure=\u00bb1_2,1_2&#8243; make_equal=\u00bbon\u00bb _builder_version=\u00bb4.16&#8243; global_colors_info=\u00bb{}\u00bb][et_pb_column type=\u00bb1_2&#8243; _builder_version=\u00bb4.16&#8243; global_colors_info=\u00bb{}\u00bb][et_pb_image src=\u00bbhttps:\/\/negociacionefectiva.cl\/wp-content\/uploads\/2024\/07\/Sergio-Silva-Arredondo.jpg\u00bb title_text=\u00bbSergio Silva Arredondo\u00bb _builder_version=\u00bb4.26.1&#8243; _module_preset=\u00bbdefault\u00bb global_colors_info=\u00bb{}\u00bb][\/et_pb_image][\/et_pb_column][et_pb_column type=\u00bb1_2&#8243; _builder_version=\u00bb4.16&#8243; global_colors_info=\u00bb{}\u00bb][et_pb_text _builder_version=\u00bb4.26.1&#8243; text_font_size=\u00bb16px\u00bb text_line_height=\u00bb2em\u00bb header_2_font=\u00bbHeebo|900||on|||||\u00bb header_2_font_size=\u00bb30px\u00bb header_2_letter_spacing=\u00bb1px\u00bb header_2_line_height=\u00bb1.3em\u00bb custom_padding=\u00bb||||false|false\u00bb custom_padding_tablet=\u00bb|||0px|false|false\u00bb custom_padding_last_edited=\u00bboff|desktop\u00bb text_font_size_tablet=\u00bb14px\u00bb text_font_size_phone=\u00bb\u00bb text_font_size_last_edited=\u00bbon|phone\u00bb header_2_font_size_tablet=\u00bb24px\u00bb header_2_font_size_phone=\u00bb20px\u00bb header_2_font_size_last_edited=\u00bbon|phone\u00bb locked=\u00bboff\u00bb global_colors_info=\u00bb{}\u00bb]<\/p>\n<h2><span>Sergio Silva Arredondo<\/span><\/h2>\n<h3><span>Director<\/span><\/h3>\n<p style=\"text-align: justify;\">Ingeniero en Informaci\u00f3n y Control de Gesti\u00f3n y Contador Auditor, ambos de la Universidad de\u00a0 Chile, Diplomado en Finanzas Aplicadas del ESE, la Escuela de Negocios de la Universidad de Los Andes, Curso de Directores de Empresa del ESE, profesional con m\u00e1s de 30 a\u00f1os de experiencia en el \u00e1rea de Administraci\u00f3n y Finanzas de empresas de distinto rubro, entre las cuales se encuentran, Inmobiliaria Titanium y Sencorp S.A., empresas desarrolladoras y construcci\u00f3n de la Torre Titanium y otros proyectos de oficina en Santiago y Vi\u00f1a del Mar, empresas l\u00edder en el mercado inmobiliario y construcci\u00f3n de oficinas y habitacional, con m\u00e1s de 2.000.000.- m2 construidos, donde se desempe\u00f1\u00f3 como Gerente de Administraci\u00f3n y Finanzas Corporativo.<\/p>\n<p style=\"text-align: justify;\">Se ha desempe\u00f1ado tambi\u00e9n como Gerente General y Controller de PSINet Chile, empresa Norteamericana de Internet Corporativo, donde le correspondi\u00f3 planificar e implementar la etapa de integraci\u00f3n de tres compa\u00f1\u00edas adquiridas por PSINet Corp.En esta compa\u00f1\u00eda le correspondi\u00f3 adem\u00e1s armar equipos de trabajo por \u00e1rea, liderar el proyecto de cambio a las nuevas instalaciones en el edificio Birmann con salas t\u00e9cnicas y oficinas y en general consolidar la operaci\u00f3n de PSINet Chile.<\/p>\n<p style=\"text-align: justify;\">CHS Promark Chile, Gerente de Administraci\u00f3n y Finanzas, empresa distribuidor mayorista de hardware con presencia en los 5 continentes.<\/p>\n<p style=\"text-align: justify;\">Senexco S.A., como Gerente de Administraci\u00f3n y Finanzas, empresa constructora del Grupo Sencorp S.A.<\/p>\n<p style=\"text-align: justify;\">NCL Ingenier\u00eda y Construcci\u00f3n, como Gerente de Administraci\u00f3n y Finanzas, empresa dedicada a la ingenier\u00eda de Minas.<\/p>\n<p style=\"text-align: justify;\">Como Asesor Externo tiene amplia experiencia en materias financieras e implementaci\u00f3n de sistemas de gesti\u00f3n administrativos en empresas de distintos rubros, como farmac\u00e9utico, Ingenier\u00eda, inmobiliaria y construcci\u00f3n, administraci\u00f3n p\u00fablica, comercial y de servicios.<\/p>\n<p style=\"text-align: justify;\">Especial menci\u00f3n a su capacidad de negociaci\u00f3n comercial y financiera logrando acuerdos relevantes en materias de otorgamiento de cr\u00e9ditos bancarios e instituciones financieras, acuerdos con proveedores, clientes y socios de las compa\u00f1\u00edas en las cuales se ha desempe\u00f1ado.<\/p>\n<p>[\/et_pb_text][\/et_pb_column][\/et_pb_row][et_pb_row column_structure=\u00bb1_2,1_2&#8243; make_equal=\u00bbon\u00bb _builder_version=\u00bb4.26.1&#8243; hover_enabled=\u00bb0&#8243; global_colors_info=\u00bb{}\u00bb disabled_on=\u00bbon|on|on\u00bb disabled=\u00bbon\u00bb sticky_enabled=\u00bb0&#8243;][et_pb_column type=\u00bb1_2&#8243; _builder_version=\u00bb4.16&#8243; global_colors_info=\u00bb{}\u00bb][et_pb_image src=\u00bbhttps:\/\/negociacionefectiva.cl\/wp-content\/uploads\/2024\/10\/fotografia-1-luisa.jpg\u00bb title_text=\u00bbfotografia 1 luisa\u00bb _builder_version=\u00bb4.26.1&#8243; _module_preset=\u00bbdefault\u00bb global_colors_info=\u00bb{}\u00bb][\/et_pb_image][\/et_pb_column][et_pb_column type=\u00bb1_2&#8243; _builder_version=\u00bb4.16&#8243; global_colors_info=\u00bb{}\u00bb][et_pb_text _builder_version=\u00bb4.26.1&#8243; text_font_size=\u00bb16px\u00bb text_line_height=\u00bb2em\u00bb header_2_font=\u00bbHeebo|900||on|||||\u00bb header_2_font_size=\u00bb30px\u00bb header_2_letter_spacing=\u00bb1px\u00bb header_2_line_height=\u00bb1.3em\u00bb text_orientation=\u00bbjustified\u00bb custom_padding=\u00bb||||false|false\u00bb custom_padding_tablet=\u00bb|||0px|false|false\u00bb custom_padding_last_edited=\u00bboff|desktop\u00bb text_font_size_tablet=\u00bb14px\u00bb text_font_size_phone=\u00bb\u00bb text_font_size_last_edited=\u00bbon|phone\u00bb header_2_font_size_tablet=\u00bb24px\u00bb header_2_font_size_phone=\u00bb20px\u00bb header_2_font_size_last_edited=\u00bbon|phone\u00bb locked=\u00bboff\u00bb global_colors_info=\u00bb{}\u00bb]<\/p>\n<h2>Luisa Adriana Jofre Leal<\/h2>\n<h3>Abogada<\/h3>\n<p>egresada con voto de merito en Universidad Finis Terrae. Diplomado de Contrataci\u00f3n Administrativa y Compras p\u00fablicas en la Pontificie Universidad Cat\u00f3lica.<\/p>\n<p>Desde el a\u00f1o 2001 al A\u00f1o 2024, se desarroll\u00f3 profesionalmente en el \u00e1mbito p\u00fablico, llevando a cabo diversas funciones de mando administrativo con gran responsabilidad y manejo de personal, destacando entre sus logros, la implementaci\u00f3n del Articulo 55 bis de la Ley de la Renta, a todos los cr\u00e9ditos hipotecarios de la Direcci\u00f3n de Bienestar de Carabineros de Chile, como tambi\u00e9n l\u00edder de distintos proyectos desarrollados con el Ministerio de Vivienda y Urbanismo en el marco de Subsidios Habitacionales,\u00a0 adem\u00e1s de\u00a0 una profunda y constante especializaci\u00f3n en Compras P\u00fablicas desde el a\u00f1o 2003, lo que le permite tener una gran visi\u00f3n respecto de dicha materia.<\/p>\n<p>Actualmente ejerce como abogada independiente, contando con vasta experiencia en diversas \u00e1reas del derecho Civil, Tributario, Inmobiliario, Laboral y Familia, desarrollando dichas funciones con gran eficacia y eficiencia en la resoluci\u00f3n de problemas, adem\u00e1s de un profundo compromiso, profesionalismo y capacidad de gesti\u00f3n en las diversas problem\u00e1ticas en raz\u00f3n de otorgar a sus clientes soluciones efectivas, basado en asesor\u00edas\u00a0 compliance\u00a0 que permite garantizar el desarrollo de las actividades empresariales\u00a0 dentro del marco legal y normativo vigente, implementando pol\u00edticas efectivas que permitan disminuir el riesgo en cuanto a sanciones administrativas, judiciales y econ\u00f3micas, especializada\u00a0 en dise\u00f1ar e implementar programas de cumplimiento efectivos, adaptados a las necesidades espec\u00edficas seg\u00fan sea la naturaleza del negocio,\u00a0 ayudando\u00a0 a identificar y gestionar riesgos.<\/p>\n<p>Aspectos destacados: \u00abAbogada especialista en compras p\u00fablicas y contratos civiles\u201d<\/p>\n<p>Compras P\u00fablicas: Asesor\u00eda, elaboraci\u00f3n y revisi\u00f3n de propuestas que las empresas presenten\u00a0 en Licitaciones Publicas\u00a0 ante\u00a0 Organismos del Estado\u00a0 v\u00eda plataforma mercadopublico.cl.<\/p>\n<p>Representaci\u00f3n en Tribunal de Compras P\u00fablicas, Juzgados Civiles, Tribunal de Competencia, Contralor\u00eda General de la Rep\u00fablica, entre otros.<\/p>\n<p>Herencia: Tramitaci\u00f3n de posesiones efectivas, redacci\u00f3n de Testamentos, cesiones de derecho, determinaci\u00f3n de cuotas hereditarias y particiones de herencia, representaci\u00f3n en juicio o negociaciones de acuerdos extrajudiciales entre los comuneros.<\/p>\n<p>Contratos Civiles: redacci\u00f3n, revisi\u00f3n, negociaci\u00f3n y resoluci\u00f3n de conflictos<\/p>\n<p>Asesor\u00eda y redacci\u00f3n de contratos laborales, prestaci\u00f3n de servicios, comerciales, promesas de compraventa de bienes inmuebles, contratos de compraventa.<\/p>\n<p>\u00a0Asesor\u00eda integral en constituci\u00f3n de empresas, sociedades tanto civiles y comerciales, rectificaciones,\u00a0 entre otras.<\/p>\n<p>Asesor\u00eda en juicios de termino de contrato de arrendamiento, representaci\u00f3n en juicio y materias afines.<\/p>\n<p>Derecho administrativo: asesoramiento y representaci\u00f3n ante entidades gubernamentales<\/p>\n<p>[\/et_pb_text][\/et_pb_column][\/et_pb_row][\/et_pb_section][et_pb_section fb_built=\u00bb1&#8243; custom_padding_last_edited=\u00bboff|desktop\u00bb admin_label=\u00bbFooter\u00bb _builder_version=\u00bb4.26.1&#8243; background_color=\u00bb#1b123d\u00bb background_color_gradient_direction=\u00bb90deg\u00bb custom_padding=\u00bb6vw||6vw||true|false\u00bb custom_padding_tablet=\u00bb60px||60px||true|false\u00bb custom_padding_phone=\u00bb40px||40px||true|false\u00bb background_last_edited=\u00bboff|phone\u00bb border_color_all=\u00bb#007FA3&#8243; border_width_right=\u00bb5vw\u00bb box_shadow_style=\u00bbpreset7&#8243; box_shadow_horizontal=\u00bb-4vw\u00bb box_shadow_vertical=\u00bb0px\u00bb box_shadow_color=\u00bb#ffffff\u00bb box_shadow_horizontal_last_edited=\u00bboff|phone\u00bb global_module=\u00bb49&#8243; saved_tabs=\u00bball\u00bb locked=\u00bboff\u00bb global_colors_info=\u00bb{}\u00bb][et_pb_row column_structure=\u00bb1_3,1_3,1_3&#8243; use_custom_gutter=\u00bbon\u00bb gutter_width=\u00bb2&#8243; _builder_version=\u00bb4.16&#8243; global_colors_info=\u00bb{}\u00bb][et_pb_column type=\u00bb1_3&#8243; _builder_version=\u00bb4.16&#8243; global_colors_info=\u00bb{}\u00bb][et_pb_text _builder_version=\u00bb4.26.1&#8243; text_text_color=\u00bbrgba(255,255,255,0.7)\u00bb text_font_size=\u00bb16px\u00bb text_line_height=\u00bb2em\u00bb header_6_font=\u00bbHeebo|700||on|||||\u00bb header_6_text_color=\u00bb#ffffff\u00bb header_6_letter_spacing=\u00bb3px\u00bb header_6_line_height=\u00bb2em\u00bb background_layout=\u00bbdark\u00bb link_option_url=\u00bbtel:+56989210271&#8243; text_font_size_tablet=\u00bb\u00bb text_font_size_phone=\u00bb14px\u00bb text_font_size_last_edited=\u00bbon|phone\u00bb locked=\u00bboff\u00bb global_colors_info=\u00bb{}\u00bb]<\/p>\n<h6>Tel\u00e9fono<\/h6>\n<p>+56 9 8921 0271<\/p>\n<p>[\/et_pb_text][\/et_pb_column][et_pb_column type=\u00bb1_3&#8243; _builder_version=\u00bb4.16&#8243; global_colors_info=\u00bb{}\u00bb][et_pb_text _builder_version=\u00bb4.26.1&#8243; text_text_color=\u00bbrgba(255,255,255,0.7)\u00bb text_line_height=\u00bb2em\u00bb link_text_color=\u00bbrgba(255,255,255,0.7)\u00bb link_font_size=\u00bb16px\u00bb link_line_height=\u00bb2em\u00bb header_6_font=\u00bbHeebo|700||on|||||\u00bb header_6_text_color=\u00bb#ffffff\u00bb header_6_letter_spacing=\u00bb3px\u00bb header_6_line_height=\u00bb2em\u00bb background_layout=\u00bbdark\u00bb link_font_size_tablet=\u00bb\u00bb link_font_size_phone=\u00bb14px\u00bb link_font_size_last_edited=\u00bbon|phone\u00bb link_text_shadow_style=\u00bbpreset5&#8243; locked=\u00bboff\u00bb global_colors_info=\u00bb{}\u00bb]<\/p>\n<h6>Email<\/h6>\n<p><a href=\"mailto:sergio.silva@negociacionefectiva.cl\">sergio.silva@negociacionefectiva.cl<\/a><\/p>\n<p>&nbsp;<\/p>\n<p>[\/et_pb_text][\/et_pb_column][et_pb_column type=\u00bb1_3&#8243; _builder_version=\u00bb4.16&#8243; global_colors_info=\u00bb{}\u00bb][et_pb_text _builder_version=\u00bb4.26.1&#8243; text_text_color=\u00bbrgba(255,255,255,0.7)\u00bb text_line_height=\u00bb2em\u00bb header_6_font=\u00bbHeebo|700||on|||||\u00bb header_6_text_color=\u00bb#ffffff\u00bb header_6_letter_spacing=\u00bb3px\u00bb header_6_line_height=\u00bb2em\u00bb background_layout=\u00bbdark\u00bb custom_margin=\u00bb||0px||false|false\u00bb locked=\u00bboff\u00bb global_colors_info=\u00bb{}\u00bb]<\/p>\n<h6>S\u00edguenos<\/h6>\n<p>[\/et_pb_text][et_pb_social_media_follow icon_color=\u00bb#ffffff\u00bb use_icon_font_size=\u00bbon\u00bb icon_font_size_tablet=\u00bb25px\u00bb icon_font_size_phone=\u00bb20px\u00bb icon_font_size_last_edited=\u00bboff|desktop\u00bb _builder_version=\u00bb4.26.1&#8243; background_enable_color=\u00bboff\u00bb border_radii=\u00bbon|100px|100px|100px|100px\u00bb locked=\u00bboff\u00bb global_colors_info=\u00bb{}\u00bb][et_pb_social_media_follow_network social_network=\u00bbfacebook\u00bb url=\u00bbhttps:\/\/web.facebook.com\/profile.php?id=61563102518733&#8243; _builder_version=\u00bb4.26.1&#8243; background_color=\u00bbrgba(255,255,255,0.1)\u00bb background_enable_color=\u00bbon\u00bb custom_margin=\u00bb|2px||2px|false|true\u00bb custom_padding=\u00bb8px|8px|8px|8px|true|true\u00bb global_colors_info=\u00bb{}\u00bb follow_button=\u00bboff\u00bb url_new_window=\u00bbon\u00bb]facebook[\/et_pb_social_media_follow_network][et_pb_social_media_follow_network social_network=\u00bbinstagram\u00bb url=\u00bbhttps:\/\/www.instagram.com\/negociacion_efectiva\/\u00bb icon_color=\u00bb#FFFFFF\u00bb use_icon_font_size=\u00bbon\u00bb icon_font_size=\u00bb25px\u00bb _builder_version=\u00bb4.26.1&#8243; _module_preset=\u00bbdefault\u00bb background_color=\u00bb#ea2c59&#8243; global_colors_info=\u00bb{}\u00bb follow_button=\u00bboff\u00bb url_new_window=\u00bbon\u00bb]instagram[\/et_pb_social_media_follow_network][\/et_pb_social_media_follow][\/et_pb_column][\/et_pb_row][\/et_pb_section]<\/p>\n","protected":false},"excerpt":{"rendered":"<p>NosotrosAplicamos los principios b\u00e1sicos de la negociaci\u00f3n, pero en una dimensi\u00f3n amplia , donde bajo una perspectiva global donde se combinan aspectos t\u00e9cnicos y habilidades blandas para lograr los grandes objetivos .Nuestra Misi\u00f3n Proveer a nuestros clientes con un servicio\u00a0 de alta calidad que satisfagan sus necesidades y superen sus expectativas, contribuyendo as\u00ed a mejorar [&hellip;]<\/p>\n","protected":false},"author":1,"featured_media":0,"parent":0,"menu_order":0,"comment_status":"closed","ping_status":"closed","template":"","meta":{"_et_pb_use_builder":"on","_et_pb_old_content":"","_et_gb_content_width":"","footnotes":""},"class_list":["post-71","page","type-page","status-publish","hentry"],"_links":{"self":[{"href":"https:\/\/negociacionefectiva.cl\/index.php\/wp-json\/wp\/v2\/pages\/71","targetHints":{"allow":["GET"]}}],"collection":[{"href":"https:\/\/negociacionefectiva.cl\/index.php\/wp-json\/wp\/v2\/pages"}],"about":[{"href":"https:\/\/negociacionefectiva.cl\/index.php\/wp-json\/wp\/v2\/types\/page"}],"author":[{"embeddable":true,"href":"https:\/\/negociacionefectiva.cl\/index.php\/wp-json\/wp\/v2\/users\/1"}],"replies":[{"embeddable":true,"href":"https:\/\/negociacionefectiva.cl\/index.php\/wp-json\/wp\/v2\/comments?post=71"}],"version-history":[{"count":14,"href":"https:\/\/negociacionefectiva.cl\/index.php\/wp-json\/wp\/v2\/pages\/71\/revisions"}],"predecessor-version":[{"id":216,"href":"https:\/\/negociacionefectiva.cl\/index.php\/wp-json\/wp\/v2\/pages\/71\/revisions\/216"}],"wp:attachment":[{"href":"https:\/\/negociacionefectiva.cl\/index.php\/wp-json\/wp\/v2\/media?parent=71"}],"curies":[{"name":"wp","href":"https:\/\/api.w.org\/{rel}","templated":true}]}}